{"id":27,"date":"2014-02-24T20:47:51","date_gmt":"2014-02-24T19:47:51","guid":{"rendered":"http:\/\/apache.okit.de\/~lohmeier\/?page_id=27"},"modified":"2025-05-25T10:01:48","modified_gmt":"2025-05-25T09:01:48","slug":"raumausstatter","status":"publish","type":"page","link":"http:\/\/www.reitsport-lohmeier.de\/?page_id=27","title":{"rendered":"Raumausstatter"},"content":{"rendered":"<p><strong>Unsere Leistungen im Raumausstatterbereich<\/strong><\/p>\n<ul>\n<li>Anfertigen und montieren von Fensterdekorationen<\/li>\n<li>Polstern und Beziehen von Polsterm\u00f6beln<\/li>\n<li>Sonnenschutz f\u00fcr Innen (Plissee, Rollo, Lamellen, Fl\u00e4chenvorhanganlagen, Doppelrollo)<\/li>\n<li>Sonnenschutz f\u00fcr Au\u00dfen ( Markisen aller Art, Au\u00dfenraffstores, Sonnensegel)<\/li>\n<li>Insektenschutz (viele L\u00f6sungen f\u00fcr Ihre Fenster und T\u00fcren damit die Insekten drau\u00dfen bleiben.)<\/li>\n<\/ul>\n<p><strong>Lieferanten f\u00fcr unsere Raumausstatterabteilung<\/strong><\/p>\n<ul>\n<li>\n<p data-pm-slice=\"1 1 []\">Dekostoffe und Stores der Firmen JAB Anstoez, Ado, Gebr. Falkner, Breuer<\/p>\n<\/li>\n<li>\n<p data-pm-slice=\"1 1 []\">M\u00f6belstoffe der Firmen JAB Anstoez, Leder Ehrlich, Gebr. Falkner<\/p>\n<\/li>\n<li>\n<p data-pm-slice=\"1 1 []\">Insektenschutz der Firma MHZ<\/p>\n<\/li>\n<li>\n<p data-pm-slice=\"1 1 []\">Sonnenschutz der Firma MHZ<\/p>\n<\/li>\n<li>\n<p data-pm-slice=\"1 1 []\">Fu\u00dfbodenbel\u00e4ge von JOKA<\/p>\n<\/li>\n<\/ul>\n","protected":false},"excerpt":{"rendered":"<p>Unsere Leistungen im Raumausstatterbereich Anfertigen und montieren von Fensterdekorationen Polstern und Beziehen von Polsterm\u00f6beln Sonnenschutz f\u00fcr Innen (Plissee, Rollo, Lamellen, Fl\u00e4chenvorhanganlagen, Doppelrollo) Sonnenschutz f\u00fcr Au\u00dfen ( Markisen aller Art, Au\u00dfenraffstores, Sonnensegel) Insektenschutz (viele L\u00f6sungen f\u00fcr Ihre Fenster und T\u00fcren damit &hellip;<\/p>\n<p class=\"read-more\"> <a class=\"more-link\" href=\"http:\/\/www.reitsport-lohmeier.de\/?page_id=27\"> <span class=\"screen-reader-text\">Raumausstatter<\/span> Weiterlesen &raquo;<\/a><\/p>\n","protected":false},"author":1,"featured_media":0,"parent":0,"menu_order":6,"comment_status":"closed","ping_status":"closed","template":"","meta":{"ngg_post_thumbnail":0,"footnotes":""},"class_list":["post-27","page","type-page","status-publish","hentry"],"_links":{"self":[{"href":"http:\/\/www.reitsport-lohmeier.de\/index.php?rest_route=\/wp\/v2\/pages\/27","targetHints":{"allow":["GET"]}}],"collection":[{"href":"http:\/\/www.reitsport-lohmeier.de\/index.php?rest_route=\/wp\/v2\/pages"}],"about":[{"href":"http:\/\/www.reitsport-lohmeier.de\/index.php?rest_route=\/wp\/v2\/types\/page"}],"author":[{"embeddable":true,"href":"http:\/\/www.reitsport-lohmeier.de\/index.php?rest_route=\/wp\/v2\/users\/1"}],"replies":[{"embeddable":true,"href":"http:\/\/www.reitsport-lohmeier.de\/index.php?rest_route=%2Fwp%2Fv2%2Fcomments&post=27"}],"version-history":[{"count":2,"href":"http:\/\/www.reitsport-lohmeier.de\/index.php?rest_route=\/wp\/v2\/pages\/27\/revisions"}],"predecessor-version":[{"id":222,"href":"http:\/\/www.reitsport-lohmeier.de\/index.php?rest_route=\/wp\/v2\/pages\/27\/revisions\/222"}],"wp:attachment":[{"href":"http:\/\/www.reitsport-lohmeier.de\/index.php?rest_route=%2Fwp%2Fv2%2Fmedia&parent=27"}],"curies":[{"name":"wp","href":"https:\/\/api.w.org\/{rel}","templated":true}]}}